{"id":196,"date":"2025-05-07T14:29:17","date_gmt":"2025-05-07T14:29:17","guid":{"rendered":"\/wde\/?page_id=196"},"modified":"2025-05-08T11:00:35","modified_gmt":"2025-05-08T11:00:35","slug":"kontakt-os","status":"publish","type":"page","link":"https:\/\/www.witre.dk\/blog\/kontakt-os\/","title":{"rendered":"Kontakt os"},"content":{"rendered":"<!--themify_builder_content-->\n<div id=\"themify_builder_content-196\" data-postid=\"196\" class=\"themify_builder_content themify_builder_content-196 themify_builder tf_clear\">\n                    <div  data-css_id=\"igrr38\" data-lazy=\"1\" class=\"module_row themify_builder_row fullwidth tb_igrr38 tb_first tf_w wow\" data-tf-animation=\"fadeIn\">\n            <span class=\"builder_row_cover tf_abs\"><\/span>            <div class=\"row_inner col_align_top tb_col_count_1 tf_box tf_rel\">\n                        <div  data-lazy=\"1\" class=\"module_column tb-column col-full tb_2lm438 first\">\n                    <!-- module text -->\n<div  class=\"module module-text tb_xptu38    hover-wow wow\" data-tf-animation_hover=\"pulse\" data-tf-animation=\"fadeIn\" data-lazy=\"1\">\n        <div  class=\"tb_text_wrap\">\n        <h1 class=\"hero-h1 h1-clp\"><strong>Kontakt os<\/strong><\/h1>    <\/div>\n<\/div>\n<!-- \/module text --><!-- module text -->\n<div  class=\"module module-text tb_mc6l38    wow\" data-tf-animation=\"fadeIn\" data-tf-animation_delay=\"1\" data-lazy=\"1\">\n        <div  class=\"tb_text_wrap\">\n        <h3>Velkommen til os<\/h3>    <\/div>\n<\/div>\n<!-- \/module text --><!-- module buttons -->\n<div  class=\"module module-buttons tb_02bn38 buttons-horizontal solid   rounded wow\" data-tf-animation=\"fadeIn\" data-tf-animation_delay=\"2\" data-lazy=\"1\">\n        <div class=\"module-buttons-item tf_in_flx\">\n                        <a href=\"https:\/\/www.witre.dk\/da\/wde#\" class=\"ui builder_button tf_in_flx orange\" target=\"_blank\" rel=\"noopener\">\n                                                K\u00f8b nu                                        <em><svg  class=\"tf_fa tf-fas-arrow-alt-circle-right\" aria-hidden=\"true\"><use href=\"#tf-fas-arrow-alt-circle-right\"><\/use><\/svg><\/em>                            <\/a>\n                <\/div>\n            <\/div>\n<!-- \/module buttons -->\n        <\/div>\n                        <\/div>\n        <\/div>\n                        <div  data-lazy=\"1\" class=\"module_row themify_builder_row tb_j3jg115 tf_w\">\n                        <div class=\"row_inner col_align_top tb_col_count_1 tf_box tf_rel\">\n                        <div  data-lazy=\"1\" class=\"module_column tb-column col-full tb_k7gd115 first\">\n                            <div  data-lazy=\"1\" class=\"module_subrow themify_builder_sub_row tf_w col_align_top tb_col_count_1 tb_vfzs115\">\n                <div  data-lazy=\"1\" class=\"module_column sub_column col-full tb_uu26115 first\">\n                    <!-- module image -->\n<div  class=\"module module-image tb_u0pa115 image-top   tf_mw\" data-lazy=\"1\">\n        <div class=\"image-wrap tf_rel tf_mw\">\n            <img loading=\"lazy\" decoding=\"async\" src=\"https:\/\/blog-witre.se\/wno\/wp-content\/uploads\/sites\/3\/2025\/03\/Witre_Logo_180_59.png\" width=\"180\" height=\"59\" title=\"Kontakt os\" alt=\"Kontakt os\">    \n        <\/div>\n    <!-- \/image-wrap -->\n    \n        <\/div>\n<!-- \/module image -->        <\/div>\n                    <\/div>\n                <div  data-lazy=\"1\" class=\"module_subrow themify_builder_sub_row tf_w col_align_top tb_col_count_2 tb_lgrw115\">\n                <div  data-lazy=\"1\" class=\"module_column sub_column col4-2 tb_8rh4115 first\">\n                    <!-- module text -->\n<div  class=\"module module-text tb_po59115   \" data-lazy=\"1\">\n        <div  class=\"tb_text_wrap\">\n        <h3 class=\"block-contact-title\">Vi hjelper deg med \u00e5 utstyre arbeidsplassen din<\/h3>\n<p>Kundeservice er tilgjengelig fra mandag til fredag fra kl. 08.00 til 16.00.<\/p>    <\/div>\n<\/div>\n<!-- \/module text -->        <\/div>\n                    <div  data-lazy=\"1\" class=\"module_column sub_column col4-2 tb_gpp0115 last\">\n                    <!-- module text -->\n<div  class=\"module module-text tb_sf4y115   \" data-lazy=\"1\">\n        <div  class=\"tb_text_wrap\">\n        <p>Ring oss p\u00e5\u00a0<strong><a href=\"tel:69178700\"><span class=\"InfinityNumber\">69 17 87 00<\/span><\/a><\/strong><br \/>Mandag til fredag fra kl. 08.00 til 16.00.<\/p>\n<p>Send e-post til\u00a0<strong><a href=\"mailto:sales@witre.no\">sales@witre.no<\/a><\/strong><\/p>    <\/div>\n<\/div>\n<!-- \/module text -->        <\/div>\n                    <\/div>\n        <!-- module divider -->\n<div  class=\"module tf_mw module-divider tb_efo5115 solid   \" style=\"border-width: 1px;border-color: #d4d0d0;\" data-lazy=\"1\">\n    <\/div>\n<!-- \/module divider -->\n        <div  data-lazy=\"1\" class=\"module_subrow themify_builder_sub_row tf_w col_align_top tb_col_count_2 tb_nsaa115\">\n                <div  data-lazy=\"1\" class=\"module_column sub_column col4-2 tb_8h8u115 first\">\n                    <!-- module image -->\n<div  class=\"module module-image tb_zhbd115 image-top   tf_mw\" data-lazy=\"1\">\n        <div class=\"image-wrap tf_rel tf_mw\">\n            <img loading=\"lazy\" decoding=\"async\" width=\"640\" height=\"395\" src=\"https:\/\/blog-witre.se\/wde\/wp-content\/uploads\/sites\/4\/2025\/05\/Toolbox-7_Categories_DK.jpg\" class=\"wp-post-image wp-image-370\" title=\"Toolbox-7_Categories_DK\" alt=\"Toolbox-7_Categories_DK\" srcset=\"https:\/\/blog-witre.se\/wde\/wp-content\/uploads\/sites\/4\/2025\/05\/Toolbox-7_Categories_DK.jpg 640w, https:\/\/blog-witre.se\/wde\/wp-content\/uploads\/sites\/4\/2025\/05\/Toolbox-7_Categories_DK-300x185.jpg 300w\" sizes=\"auto, (max-width: 640px) 100vw, 640px\" \/>    \n        <\/div>\n    <!-- \/image-wrap -->\n    \n        <\/div>\n<!-- \/module image -->        <\/div>\n                    <div  data-lazy=\"1\" class=\"module_column sub_column col4-2 tb_gyi7115 last\">\n                    <!-- module text -->\n<div  class=\"module module-text tb_ns9s115   \" data-lazy=\"1\">\n        <div  class=\"tb_text_wrap\">\n        <p><strong>Witre Manutan er en komplett leverand\u00f8r av produkter til industri, lager og kontor.<\/strong><br \/>Med markedets bredeste sortiment fra ledende produsenter har vi alt du trenger til din arbeidsplass. Med kvalifiserte kundeorienterte medarbeidere som kan sitt fag, er vi den eneste leverand\u00f8ren du trenger for \u00e5 skape et godt arbeidsmilj\u00f8 og vel fungernde arbeidsdager.<\/p>    <\/div>\n<\/div>\n<!-- \/module text -->        <\/div>\n                    <\/div>\n                <\/div>\n                        <\/div>\n        <\/div>\n        <\/div>\n<!--\/themify_builder_content-->","protected":false},"excerpt":{"rendered":"<p>Kontakt os<\/p>\n","protected":false},"author":1,"featured_media":0,"parent":0,"menu_order":0,"comment_status":"closed","ping_status":"closed","template":"","meta":{"footnotes":""},"class_list":["post-196","page","type-page","status-publish","hentry","has-post-title","has-post-date","has-post-category","has-post-tag","has-post-comment","has-post-author",""],"builder_content":"<h1><strong>Kontakt os<\/strong><\/h1>\n<h3>Velkommen til os<\/h3>\n<a href=\"https:\/\/www.witre.dk\/da\/wde#\" target=\"_blank\" rel=\"noopener\"> K\u00f8b nu <em><svg aria-hidden=\"true\"><use href=\"#tf-fas-arrow-alt-circle-right\"><\/use><\/svg><\/em> <\/a>\n<img src=\"https:\/\/blog-witre.se\/wno\/wp-content\/uploads\/sites\/3\/2025\/03\/Witre_Logo_180_59.png\" width=\"180\" height=\"59\" title=\"Kontakt os\" alt=\"Kontakt os\">\n<h3>Vi hjelper deg med \u00e5 utstyre arbeidsplassen din<\/h3> <p>Kundeservice er tilgjengelig fra mandag til fredag fra kl. 08.00 til 16.00.<\/p>\n<p>Ring oss p\u00e5\u00a0<strong><a href=\"tel:69178700\">69 17 87 00<\/a><\/strong><br \/>Mandag til fredag fra kl. 08.00 til 16.00.<\/p> <p>Send e-post til\u00a0<strong><a href=\"mailto:sales@witre.no\">sales@witre.no<\/a><\/strong><\/p>\n\n<img src=\"https:\/\/blog-witre.se\/wde\/wp-content\/uploads\/sites\/4\/2025\/05\/Toolbox-7_Categories_DK.jpg\" title=\"Toolbox-7_Categories_DK\" alt=\"Toolbox-7_Categories_DK\" srcset=\"https:\/\/blog-witre.se\/wde\/wp-content\/uploads\/sites\/4\/2025\/05\/Toolbox-7_Categories_DK.jpg 640w, https:\/\/blog-witre.se\/wde\/wp-content\/uploads\/sites\/4\/2025\/05\/Toolbox-7_Categories_DK-300x185.jpg 300w\" sizes=\"(max-width: 640px) 100vw, 640px\" \/>\n<p><strong>Witre Manutan er en komplett leverand\u00f8r av produkter til industri, lager og kontor.<\/strong><br \/>Med markedets bredeste sortiment fra ledende produsenter har vi alt du trenger til din arbeidsplass. Med kvalifiserte kundeorienterte medarbeidere som kan sitt fag, er vi den eneste leverand\u00f8ren du trenger for \u00e5 skape et godt arbeidsmilj\u00f8 og vel fungernde arbeidsdager.<\/p>","_links":{"self":[{"href":"https:\/\/blog-witre.se\/wde\/wp-json\/wp\/v2\/pages\/196","targetHints":{"allow":["GET"]}}],"collection":[{"href":"https:\/\/blog-witre.se\/wde\/wp-json\/wp\/v2\/pages"}],"about":[{"href":"https:\/\/blog-witre.se\/wde\/wp-json\/wp\/v2\/types\/page"}],"author":[{"embeddable":true,"href":"https:\/\/blog-witre.se\/wde\/wp-json\/wp\/v2\/users\/1"}],"replies":[{"embeddable":true,"href":"https:\/\/blog-witre.se\/wde\/wp-json\/wp\/v2\/comments?post=196"}],"version-history":[{"count":21,"href":"https:\/\/blog-witre.se\/wde\/wp-json\/wp\/v2\/pages\/196\/revisions"}],"predecessor-version":[{"id":375,"href":"https:\/\/blog-witre.se\/wde\/wp-json\/wp\/v2\/pages\/196\/revisions\/375"}],"wp:attachment":[{"href":"https:\/\/blog-witre.se\/wde\/wp-json\/wp\/v2\/media?parent=196"}],"curies":[{"name":"wp","href":"https:\/\/api.w.org\/{rel}","templated":true}]}}