{"id":137,"date":"2025-05-21T09:25:08","date_gmt":"2025-05-21T09:25:08","guid":{"rendered":"https:\/\/blog-witre.se\/wfi\/?page_id=137"},"modified":"2025-05-21T11:26:54","modified_gmt":"2025-05-21T11:26:54","slug":"ota-yhteytta","status":"publish","type":"page","link":"https:\/\/www.witre.fi\/blog\/ota-yhteytta\/","title":{"rendered":"Ota yhteytt\u00e4"},"content":{"rendered":"<!--themify_builder_content-->\n<div id=\"themify_builder_content-137\" data-postid=\"137\" class=\"themify_builder_content themify_builder_content-137 themify_builder tf_clear\">\n                    <div  data-css_id=\"klm7687\" data-lazy=\"1\" class=\"module_row themify_builder_row fullwidth tb_klm7687 tb_first tf_w wow\" data-tf-animation=\"fadeIn\">\n            <span class=\"builder_row_cover tf_abs\"><\/span>            <div class=\"row_inner col_align_top tb_col_count_1 tf_box tf_rel\">\n                        <div  data-lazy=\"1\" class=\"module_column tb-column col-full tb_z6ez687 first\">\n                    <!-- module text -->\n<div  class=\"module module-text tb_gc5k687    hover-wow wow\" data-tf-animation_hover=\"pulse\" data-tf-animation=\"fadeIn\" data-lazy=\"1\">\n        <div  class=\"tb_text_wrap\">\n        <h1 class=\"hero-h1 h1-clp\">Ota yhteytt\u00e4<\/h1>    <\/div>\n<\/div>\n<!-- \/module text --><!-- module text -->\n<div  class=\"module module-text tb_i1lz687    wow\" data-tf-animation=\"fadeIn\" data-tf-animation_delay=\"1\" data-lazy=\"1\">\n        <div  class=\"tb_text_wrap\">\n        <h3>Tervetuloa meille<\/h3>    <\/div>\n<\/div>\n<!-- \/module text --><!-- module buttons -->\n<div  class=\"module module-buttons tb_nyy3687 buttons-horizontal solid   rounded wow\" data-tf-animation=\"fadeIn\" data-tf-animation_delay=\"2\" data-lazy=\"1\">\n        <div class=\"module-buttons-item tf_in_flx\">\n                        <a href=\"https:\/\/www.witre.fi\/fi\/wfi\/ota-yhteytta\" class=\"ui builder_button tf_in_flx orange\" target=\"_blank\" rel=\"noopener\">\n                                                Osta nyt                                        <em><svg  class=\"tf_fa tf-fas-arrow-alt-circle-right\" aria-hidden=\"true\"><use href=\"#tf-fas-arrow-alt-circle-right\"><\/use><\/svg><\/em>                            <\/a>\n                <\/div>\n            <\/div>\n<!-- \/module buttons -->\n        <\/div>\n                        <\/div>\n        <\/div>\n                        <div  data-lazy=\"1\" class=\"module_row themify_builder_row tb_vjrh398 tf_w\">\n                        <div class=\"row_inner col_align_top tb_col_count_1 tf_box tf_rel\">\n                        <div  data-lazy=\"1\" class=\"module_column tb-column col-full tb_6uv7398 first\">\n                            <div  data-lazy=\"1\" class=\"module_subrow themify_builder_sub_row tf_w col_align_top tb_col_count_1 tb_bvu9398\">\n                <div  data-lazy=\"1\" class=\"module_column sub_column col-full tb_ky4o398 first\">\n                    <!-- module image -->\n<div  class=\"module module-image tb_7rpf398 image-top   tf_mw\" data-lazy=\"1\">\n        <div class=\"image-wrap tf_rel tf_mw\">\n            <img loading=\"lazy\" decoding=\"async\" src=\"https:\/\/blog-witre.se\/wno\/wp-content\/uploads\/sites\/3\/2025\/03\/Witre_Logo_180_59.png\" width=\"180\" height=\"59\" title=\"Ota yhteytt\u00e4\" alt=\"Ota yhteytt\u00e4\">    \n        <\/div>\n    <!-- \/image-wrap -->\n    \n        <\/div>\n<!-- \/module image -->        <\/div>\n                    <\/div>\n                <div  data-lazy=\"1\" class=\"module_subrow themify_builder_sub_row tf_w col_align_top tb_col_count_2 tb_v3do398\">\n                <div  data-lazy=\"1\" class=\"module_column sub_column col4-2 tb_2c2d398 first\">\n                    <!-- module text -->\n<div  class=\"module module-text tb_9yav398   \" data-lazy=\"1\">\n        <div  class=\"tb_text_wrap\">\n        <h3 class=\"block-contact-title\">Autamme sinua varustamaan ty\u00f6paikkasi<\/h3>\n<p>Asiakaspalvelumme on saatavilla maanantaista torstaihin klo 08.00-16.00 perjantaisin klo 08.00-15.00<\/p>    <\/div>\n<\/div>\n<!-- \/module text -->        <\/div>\n                    <div  data-lazy=\"1\" class=\"module_column sub_column col4-2 tb_28qh398 last\">\n                    <!-- module text -->\n<div  class=\"module module-text tb_eq93398   \" data-lazy=\"1\">\n        <div  class=\"tb_text_wrap\">\n        <p>Soita meille\u00a0<strong><a href=\"tel:094542800\">09 4542 800<\/a><\/strong><br \/>Maanantai &#8211; torstai, 08:00 &#8211; 16:00.<br \/>perjantaisin klo 08.00-15.00.<\/p>\n<p>L\u00e4het\u00e4 s\u00e4hk\u00f6postia <strong><a href=\"mailto:sales@witre.no\">sales@witre.fi<\/a><\/strong><\/p>    <\/div>\n<\/div>\n<!-- \/module text -->        <\/div>\n                    <\/div>\n        <!-- module divider -->\n<div  class=\"module tf_mw module-divider tb_5yk8398 solid   \" style=\"border-width: 1px;border-color: #d4d0d0;\" data-lazy=\"1\">\n    <\/div>\n<!-- \/module divider -->\n        <div  data-lazy=\"1\" class=\"module_subrow themify_builder_sub_row tf_w col_align_top tb_col_count_2 tb_ex3k398\">\n                <div  data-lazy=\"1\" class=\"module_column sub_column col4-2 tb_su0n398 first\">\n                    <!-- module image -->\n<div  class=\"module module-image tb_yy20398 image-top   tf_mw\" data-lazy=\"1\">\n        <div class=\"image-wrap tf_rel tf_mw\">\n            <img loading=\"lazy\" decoding=\"async\" width=\"640\" height=\"395\" src=\"https:\/\/blog-witre.se\/wfi\/wp-content\/uploads\/sites\/5\/2025\/05\/Toolbox-7_Categories_FI.jpg\" class=\"wp-post-image wp-image-147\" title=\"Toolbox-7_Categories_FI\" alt=\"Toolbox-7_Categories_FI\" srcset=\"https:\/\/blog-witre.se\/wfi\/wp-content\/uploads\/sites\/5\/2025\/05\/Toolbox-7_Categories_FI.jpg 640w, https:\/\/blog-witre.se\/wfi\/wp-content\/uploads\/sites\/5\/2025\/05\/Toolbox-7_Categories_FI-300x185.jpg 300w\" sizes=\"auto, (max-width: 640px) 100vw, 640px\" \/>    \n        <\/div>\n    <!-- \/image-wrap -->\n    \n        <\/div>\n<!-- \/module image -->        <\/div>\n                    <div  data-lazy=\"1\" class=\"module_column sub_column col4-2 tb_a9tc398 last\">\n                    <!-- module text -->\n<div  class=\"module module-text tb_cfg2398   \" data-lazy=\"1\">\n        <div  class=\"tb_text_wrap\">\n        <p><strong>Witre Manutan on t\u00e4ydellinen toimittaja teollisuuden, varaston ja toimiston tuotteille.<\/strong><br>Markkinoiden laajimmalla valikoimalla johtavilta valmistajilta meill\u00e4 on kaikki, mit\u00e4 tarvitset ty\u00f6paikallesi. P\u00e4tevin asiakasl\u00e4ht\u00f6isin henkil\u00f6st\u00f6, joka tuntee alansa, olemme ainoa toimittaja, jota tarvitset luodaksesi hyv\u00e4n ty\u00f6ymp\u00e4rist\u00f6n ja hyvin toimivat ty\u00f6p\u00e4iv\u00e4t<\/p>    <\/div>\n<\/div>\n<!-- \/module text -->        <\/div>\n                    <\/div>\n                <\/div>\n                        <\/div>\n        <\/div>\n        <\/div>\n<!--\/themify_builder_content-->","protected":false},"excerpt":{"rendered":"<p>Ota yhteytt\u00e4<\/p>\n","protected":false},"author":1,"featured_media":0,"parent":0,"menu_order":0,"comment_status":"closed","ping_status":"closed","template":"","meta":{"footnotes":""},"class_list":["post-137","page","type-page","status-publish","hentry","has-post-title","has-post-date","has-post-category","has-post-tag","has-post-comment","has-post-author",""],"builder_content":"<h1>Ota yhteytt\u00e4<\/h1>\n<h3>Tervetuloa meille<\/h3>\n<a href=\"https:\/\/www.witre.fi\/fi\/wfi\/ota-yhteytta\" target=\"_blank\" rel=\"noopener\"> Osta nyt <em><svg aria-hidden=\"true\"><use href=\"#tf-fas-arrow-alt-circle-right\"><\/use><\/svg><\/em> <\/a>\n<img src=\"https:\/\/blog-witre.se\/wno\/wp-content\/uploads\/sites\/3\/2025\/03\/Witre_Logo_180_59.png\" width=\"180\" height=\"59\" title=\"Ota yhteytt\u00e4\" alt=\"Ota yhteytt\u00e4\">\n<h3>Autamme sinua varustamaan ty\u00f6paikkasi<\/h3> <p>Asiakaspalvelumme on saatavilla maanantaista torstaihin klo 08.00-16.00 perjantaisin klo 08.00-15.00<\/p>\n<p>Soita meille\u00a0<strong><a href=\"tel:094542800\">09 4542 800<\/a><\/strong><br \/>Maanantai - torstai, 08:00 - 16:00.<br \/>perjantaisin klo 08.00-15.00.<\/p> <p>L\u00e4het\u00e4 s\u00e4hk\u00f6postia <strong><a href=\"mailto:sales@witre.no\">sales@witre.fi<\/a><\/strong><\/p>\n\n<img src=\"https:\/\/blog-witre.se\/wfi\/wp-content\/uploads\/sites\/5\/2025\/05\/Toolbox-7_Categories_FI.jpg\" title=\"Toolbox-7_Categories_FI\" alt=\"Toolbox-7_Categories_FI\" srcset=\"https:\/\/blog-witre.se\/wfi\/wp-content\/uploads\/sites\/5\/2025\/05\/Toolbox-7_Categories_FI.jpg 640w, https:\/\/blog-witre.se\/wfi\/wp-content\/uploads\/sites\/5\/2025\/05\/Toolbox-7_Categories_FI-300x185.jpg 300w\" sizes=\"(max-width: 640px) 100vw, 640px\" \/>\n<p><strong>Witre Manutan on t\u00e4ydellinen toimittaja teollisuuden, varaston ja toimiston tuotteille.<\/strong><br>Markkinoiden laajimmalla valikoimalla johtavilta valmistajilta meill\u00e4 on kaikki, mit\u00e4 tarvitset ty\u00f6paikallesi. P\u00e4tevin asiakasl\u00e4ht\u00f6isin henkil\u00f6st\u00f6, joka tuntee alansa, olemme ainoa toimittaja, jota tarvitset luodaksesi hyv\u00e4n ty\u00f6ymp\u00e4rist\u00f6n ja hyvin toimivat ty\u00f6p\u00e4iv\u00e4t<\/p>","_links":{"self":[{"href":"https:\/\/blog-witre.se\/wfi\/wp-json\/wp\/v2\/pages\/137","targetHints":{"allow":["GET"]}}],"collection":[{"href":"https:\/\/blog-witre.se\/wfi\/wp-json\/wp\/v2\/pages"}],"about":[{"href":"https:\/\/blog-witre.se\/wfi\/wp-json\/wp\/v2\/types\/page"}],"author":[{"embeddable":true,"href":"https:\/\/blog-witre.se\/wfi\/wp-json\/wp\/v2\/users\/1"}],"replies":[{"embeddable":true,"href":"https:\/\/blog-witre.se\/wfi\/wp-json\/wp\/v2\/comments?post=137"}],"version-history":[{"count":14,"href":"https:\/\/blog-witre.se\/wfi\/wp-json\/wp\/v2\/pages\/137\/revisions"}],"predecessor-version":[{"id":167,"href":"https:\/\/blog-witre.se\/wfi\/wp-json\/wp\/v2\/pages\/137\/revisions\/167"}],"wp:attachment":[{"href":"https:\/\/blog-witre.se\/wfi\/wp-json\/wp\/v2\/media?parent=137"}],"curies":[{"name":"wp","href":"https:\/\/api.w.org\/{rel}","templated":true}]}}