{"id":142,"date":"2025-03-26T14:56:28","date_gmt":"2025-03-26T14:56:28","guid":{"rendered":"\/wno\/?page_id=142"},"modified":"2025-04-15T09:47:31","modified_gmt":"2025-04-15T09:47:31","slug":"kontakt","status":"publish","type":"page","link":"https:\/\/www.witre.no\/blog\/kontakt\/","title":{"rendered":"Kontakt"},"content":{"rendered":"<!--themify_builder_content-->\n<div id=\"themify_builder_content-142\" data-postid=\"142\" class=\"themify_builder_content themify_builder_content-142 themify_builder tf_clear\">\n                    <div  data-css_id=\"b4u9104\" data-lazy=\"1\" class=\"module_row themify_builder_row fullwidth tb_b4u9104 tb_first tf_w wow\" data-tf-animation=\"fadeIn\">\n            <span class=\"builder_row_cover tf_abs\"><\/span>            <div class=\"row_inner col_align_top tb_col_count_1 tf_box tf_rel\">\n                        <div  data-lazy=\"1\" class=\"module_column tb-column col-full tb_nwqk104 first\">\n                    <!-- module text -->\n<div  class=\"module module-text tb_8190104    hover-wow wow\" data-tf-animation_hover=\"pulse\" data-tf-animation=\"fadeIn\" data-lazy=\"1\">\n        <div  class=\"tb_text_wrap\">\n        <h1 class=\"hero-h1 h1-clp\">Kontakt oss<\/h1>    <\/div>\n<\/div>\n<!-- \/module text --><!-- module text -->\n<div  class=\"module module-text tb_aihh104    wow\" data-tf-animation=\"fadeIn\" data-tf-animation_delay=\"1\" data-lazy=\"1\">\n        <div  class=\"tb_text_wrap\">\n        <h3>Velkommen til os<\/h3>    <\/div>\n<\/div>\n<!-- \/module text --><!-- module buttons -->\n<div  class=\"module module-buttons tb_ctf9104 buttons-horizontal solid   rounded wow\" data-tf-animation=\"fadeIn\" data-tf-animation_delay=\"2\" data-lazy=\"1\">\n        <div class=\"module-buttons-item tf_in_flx\">\n                        <a href=\"https:\/\/www.witre.se\/sv\/wsw\" class=\"ui builder_button tf_in_flx orange\" target=\"_blank\" rel=\"noopener\">\n                                                Kj\u00f8p n\u00e5                                        <em><svg  class=\"tf_fa tf-fas-arrow-alt-circle-right\" aria-hidden=\"true\"><use href=\"#tf-fas-arrow-alt-circle-right\"><\/use><\/svg><\/em>                            <\/a>\n                <\/div>\n            <\/div>\n<!-- \/module buttons -->\n        <\/div>\n                        <\/div>\n        <\/div>\n                        <div  data-lazy=\"1\" class=\"module_row themify_builder_row tb_8fo2559 tf_w\">\n                        <div class=\"row_inner col_align_top tb_col_count_1 tf_box tf_rel\">\n                        <div  data-lazy=\"1\" class=\"module_column tb-column col-full tb_cnjn559 first\">\n                            <div  data-lazy=\"1\" class=\"module_subrow themify_builder_sub_row tf_w col_align_top tb_col_count_1 tb_rka0229\">\n                <div  data-lazy=\"1\" class=\"module_column sub_column col-full tb_vxld229 first\">\n                    <!-- module image -->\n<div  class=\"module module-image tb_hswo149 image-top   tf_mw\" data-lazy=\"1\">\n        <div class=\"image-wrap tf_rel tf_mw\">\n            <img loading=\"lazy\" decoding=\"async\" width=\"180\" height=\"59\" src=\"https:\/\/blog-witre.se\/wno\/wp-content\/uploads\/sites\/3\/2025\/03\/Witre_Logo_180_59.png\" class=\"wp-post-image wp-image-163\" title=\"Witre_Logo_180_59\" alt=\"Witre_Logo_180_59\">    \n        <\/div>\n    <!-- \/image-wrap -->\n    \n        <\/div>\n<!-- \/module image -->        <\/div>\n                    <\/div>\n                <div  data-lazy=\"1\" class=\"module_subrow themify_builder_sub_row tf_w col_align_top tb_col_count_2 tb_hhgw227\">\n                <div  data-lazy=\"1\" class=\"module_column sub_column col4-2 tb_ur18227 first\">\n                    <!-- module text -->\n<div  class=\"module module-text tb_9tzd981   \" data-lazy=\"1\">\n        <div  class=\"tb_text_wrap\">\n        <h3 class=\"block-contact-title\">Vi hjelper deg med \u00e5 utstyre arbeidsplassen din<\/h3>\n<p>Kundeservice er tilgjengelig fra mandag til fredag fra kl. 08.00 til 16.00.<\/p>    <\/div>\n<\/div>\n<!-- \/module text -->        <\/div>\n                    <div  data-lazy=\"1\" class=\"module_column sub_column col4-2 tb_at4b227 last\">\n                    <!-- module text -->\n<div  class=\"module module-text tb_wx3s151   \" data-lazy=\"1\">\n        <div  class=\"tb_text_wrap\">\n        <p>Ring oss p\u00e5\u00a0<strong><a href=\"tel:69178700\"><span class=\"InfinityNumber\">69 17 87 00<\/span><\/a><\/strong><br \/>Mandag til fredag fra kl. 08.00 til 16.00.<\/p>\n<p>Send e-post til\u00a0<strong><a href=\"mailto:sales@witre.no\">sales@witre.no<\/a><\/strong><\/p>    <\/div>\n<\/div>\n<!-- \/module text -->        <\/div>\n                    <\/div>\n        <!-- module divider -->\n<div  class=\"module tf_mw module-divider tb_550f635 solid   \" style=\"border-width: 1px;border-color: #d4d0d0;\" data-lazy=\"1\">\n    <\/div>\n<!-- \/module divider -->\n        <div  data-lazy=\"1\" class=\"module_subrow themify_builder_sub_row tf_w col_align_top tb_col_count_2 tb_h4hz216\">\n                <div  data-lazy=\"1\" class=\"module_column sub_column col4-2 tb_zeop217 first\">\n                    <!-- module image -->\n<div  class=\"module module-image tb_a1hw39 image-top   tf_mw\" data-lazy=\"1\">\n        <div class=\"image-wrap tf_rel tf_mw\">\n            <img loading=\"lazy\" decoding=\"async\" src=\"https:\/\/www.witre.no\/fstrz\/r\/s\/www.witre.no\/contentWNO\/image\/Global\/servicepage\/Toolbox-7_Categories_NO.jpg?frz-v=79\" width=\"640\" height=\"395\" title=\"Kontakt\" alt=\"Kontakt\">    \n        <\/div>\n    <!-- \/image-wrap -->\n    \n        <\/div>\n<!-- \/module image -->        <\/div>\n                    <div  data-lazy=\"1\" class=\"module_column sub_column col4-2 tb_f5oj217 last\">\n                    <!-- module text -->\n<div  class=\"module module-text tb_zqby461   \" data-lazy=\"1\">\n        <div  class=\"tb_text_wrap\">\n        <p><strong>Witre Manutan er en komplett leverand\u00f8r av produkter til industri, lager og kontor.<\/strong><br \/>Med markedets bredeste sortiment fra ledende produsenter har vi alt du trenger til din arbeidsplass. Med kvalifiserte kundeorienterte medarbeidere som kan sitt fag, er vi den eneste leverand\u00f8ren du trenger for \u00e5 skape et godt arbeidsmilj\u00f8 og vel fungernde arbeidsdager.<\/p>    <\/div>\n<\/div>\n<!-- \/module text -->        <\/div>\n                    <\/div>\n                <\/div>\n                        <\/div>\n        <\/div>\n        <\/div>\n<!--\/themify_builder_content-->","protected":false},"excerpt":{"rendered":"<p>Kontakt oss<\/p>\n","protected":false},"author":1,"featured_media":0,"parent":0,"menu_order":0,"comment_status":"closed","ping_status":"closed","template":"","meta":{"footnotes":""},"class_list":["post-142","page","type-page","status-publish","hentry","has-post-title","has-post-date","has-post-category","has-post-tag","has-post-comment","has-post-author",""],"builder_content":"<h1>Kontakt oss<\/h1>\n<h3>Velkommen til os<\/h3>\n<a href=\"https:\/\/www.witre.se\/sv\/wsw\" target=\"_blank\" rel=\"noopener\"> Kj\u00f8p n\u00e5 <em><svg aria-hidden=\"true\"><use href=\"#tf-fas-arrow-alt-circle-right\"><\/use><\/svg><\/em> <\/a>\n<img src=\"https:\/\/blog-witre.se\/wno\/wp-content\/uploads\/sites\/3\/2025\/03\/Witre_Logo_180_59.png\" title=\"Witre_Logo_180_59\" alt=\"Witre_Logo_180_59\">\n<h3>Vi hjelper deg med \u00e5 utstyre arbeidsplassen din<\/h3> <p>Kundeservice er tilgjengelig fra mandag til fredag fra kl. 08.00 til 16.00.<\/p>\n<p>Ring oss p\u00e5\u00a0<strong><a href=\"tel:69178700\">69 17 87 00<\/a><\/strong><br \/>Mandag til fredag fra kl. 08.00 til 16.00.<\/p> <p>Send e-post til\u00a0<strong><a href=\"mailto:sales@witre.no\">sales@witre.no<\/a><\/strong><\/p>\n\n<img src=\"https:\/\/www.witre.no\/fstrz\/r\/s\/www.witre.no\/contentWNO\/image\/Global\/servicepage\/Toolbox-7_Categories_NO.jpg?frz-v=79\" width=\"640\" height=\"395\" title=\"Kontakt\" alt=\"Kontakt\">\n<p><strong>Witre Manutan er en komplett leverand\u00f8r av produkter til industri, lager og kontor.<\/strong><br \/>Med markedets bredeste sortiment fra ledende produsenter har vi alt du trenger til din arbeidsplass. Med kvalifiserte kundeorienterte medarbeidere som kan sitt fag, er vi den eneste leverand\u00f8ren du trenger for \u00e5 skape et godt arbeidsmilj\u00f8 og vel fungernde arbeidsdager.<\/p>","_links":{"self":[{"href":"https:\/\/blog-witre.se\/wno\/wp-json\/wp\/v2\/pages\/142","targetHints":{"allow":["GET"]}}],"collection":[{"href":"https:\/\/blog-witre.se\/wno\/wp-json\/wp\/v2\/pages"}],"about":[{"href":"https:\/\/blog-witre.se\/wno\/wp-json\/wp\/v2\/types\/page"}],"author":[{"embeddable":true,"href":"https:\/\/blog-witre.se\/wno\/wp-json\/wp\/v2\/users\/1"}],"replies":[{"embeddable":true,"href":"https:\/\/blog-witre.se\/wno\/wp-json\/wp\/v2\/comments?post=142"}],"version-history":[{"count":32,"href":"https:\/\/blog-witre.se\/wno\/wp-json\/wp\/v2\/pages\/142\/revisions"}],"predecessor-version":[{"id":539,"href":"https:\/\/blog-witre.se\/wno\/wp-json\/wp\/v2\/pages\/142\/revisions\/539"}],"wp:attachment":[{"href":"https:\/\/blog-witre.se\/wno\/wp-json\/wp\/v2\/media?parent=142"}],"curies":[{"name":"wp","href":"https:\/\/api.w.org\/{rel}","templated":true}]}}