{"id":1605,"date":"2025-02-19T08:43:07","date_gmt":"2025-02-19T07:43:07","guid":{"rendered":"https:\/\/blog-witre.se\/wsw\/lager-industri-2-copy\/"},"modified":"2025-03-26T14:34:45","modified_gmt":"2025-03-26T13:34:45","slug":"kontakt","status":"publish","type":"page","link":"https:\/\/www.witre.se\/blog\/kontakt\/","title":{"rendered":"Kontakt"},"content":{"rendered":"<!--themify_builder_content-->\n<div id=\"themify_builder_content-1605\" data-postid=\"1605\" class=\"themify_builder_content themify_builder_content-1605 themify_builder tf_clear\">\n                    <div  data-css_id=\"zsz2917\" data-lazy=\"1\" class=\"module_row themify_builder_row fullwidth_row_container tb_zsz2917 tb_first tf_w\">\n            <span class=\"builder_row_cover tf_abs\"><\/span>            <div class=\"row_inner col_align_top tb_col_count_1 tf_box tf_rel\">\n                        <div  data-lazy=\"1\" class=\"module_column tb-column col-full tb_moqw111 first\">\n                    <!-- module text -->\n<div  class=\"module module-text tb_hrzl200    hover-wow wow\" data-tf-animation_hover=\"pulse\" data-tf-animation=\"fadeIn\" data-lazy=\"1\">\n        <div  class=\"tb_text_wrap\">\n        <h1 class=\"hero-h1 h1-clp\">Kontakta oss<\/h1>    <\/div>\n<\/div>\n<!-- \/module text --><!-- module text -->\n<div  class=\"module module-text tb_9ypd210    wow\" data-tf-animation=\"fadeIn\" data-tf-animation_delay=\"1\" data-lazy=\"1\">\n        <div  class=\"tb_text_wrap\">\n        <h4 class=\"t1 hidden-mobile\">Tips och guider f\u00f6r att utrusta din arbetsplats.<\/h4>    <\/div>\n<\/div>\n<!-- \/module text -->        <\/div>\n                        <\/div>\n        <\/div>\n                        <div  data-lazy=\"1\" class=\"module_row themify_builder_row tb_as6a428 tf_w\">\n                        <div class=\"row_inner col_align_top tb_col_count_2 tf_box tf_rel\">\n                        <div  data-lazy=\"1\" class=\"module_column tb-column col4-2 tb_xphj428 first\">\n                    <!-- module image -->\n<div  class=\"module module-image tb_kddg790 image-top   tf_mw\" data-lazy=\"1\">\n        <div class=\"image-wrap tf_rel tf_mw\">\n            <img loading=\"lazy\" decoding=\"async\" width=\"1000\" height=\"322\" src=\"https:\/\/blog-witre.se\/wsw\/wp-content\/uploads\/sites\/2\/2025\/02\/Witre_Logo_1000x_low.png\" class=\"wp-post-image wp-image-1624\" title=\"Witre_Logo_1000x_low\" alt=\"Witre_Logo_1000x_low\" srcset=\"https:\/\/blog-witre.se\/wsw\/wp-content\/uploads\/sites\/2\/2025\/02\/Witre_Logo_1000x_low.png 1000w, https:\/\/blog-witre.se\/wsw\/wp-content\/uploads\/sites\/2\/2025\/02\/Witre_Logo_1000x_low-300x97.png 300w, https:\/\/blog-witre.se\/wsw\/wp-content\/uploads\/sites\/2\/2025\/02\/Witre_Logo_1000x_low-768x247.png 768w\" sizes=\"auto, (max-width: 1000px) 100vw, 1000px\" \/>    \n        <\/div>\n    <!-- \/image-wrap -->\n    \n        <\/div>\n<!-- \/module image -->        <\/div>\n                    <div  data-lazy=\"1\" class=\"module_column tb-column col4-2 tb_k9c3428 last\">\n                    <!-- module text -->\n<div  class=\"module module-text tb_p991313   \" data-lazy=\"1\">\n        <div  class=\"tb_text_wrap\">\n        <p><strong>Witre AB<\/strong><br \/>Argongatan 5<br \/>431 53 M\u00f6lndal<br \/>Org.nr 556354-5226<br \/>VAT.nr SE5563545226-01<\/p>\n<p>Tel:\u00a0031 706 10 00<br \/>Fax. 031 706 10 10<\/p>\n<p>Kontakta oss via\u00a0<a href=\"mailto:sales@witre.se\">sales@witre.se<\/a><\/p>    <\/div>\n<\/div>\n<!-- \/module text -->        <\/div>\n                        <\/div>\n        <\/div>\n                        <div  data-lazy=\"1\" class=\"module_row themify_builder_row tb_jh2d167 tf_w\">\n                        <div class=\"row_inner col_align_top tb_col_count_2 tf_box tf_rel\">\n                        <div  data-lazy=\"1\" class=\"module_column tb-column col4-2 tb_i2qr167 first\">\n                    <!-- module image -->\n<div  class=\"module module-image tb_x81r167 image-top   tf_mw\" data-lazy=\"1\">\n        <div class=\"image-wrap tf_rel tf_mw\">\n            <img loading=\"lazy\" decoding=\"async\" width=\"640\" height=\"395\" src=\"https:\/\/blog-witre.se\/wsw\/wp-content\/uploads\/sites\/2\/2025\/02\/om_witre.jpg\" class=\"wp-post-image wp-image-2004\" title=\"om_witre\" alt=\"om_witre\" srcset=\"https:\/\/blog-witre.se\/wsw\/wp-content\/uploads\/sites\/2\/2025\/02\/om_witre.jpg 640w, https:\/\/blog-witre.se\/wsw\/wp-content\/uploads\/sites\/2\/2025\/02\/om_witre-300x185.jpg 300w\" sizes=\"auto, (max-width: 640px) 100vw, 640px\" \/>    \n        <\/div>\n    <!-- \/image-wrap -->\n    \n        <\/div>\n<!-- \/module image -->        <\/div>\n                    <div  data-lazy=\"1\" class=\"module_column tb-column col4-2 tb_xdmq167 last\">\n                    <!-- module text -->\n<div  class=\"module module-text tb_1i6w167   \" data-lazy=\"1\">\n        <div  class=\"tb_text_wrap\">\n        <p><strong>Witre Manutan \u00e4r det kompletta varuhuset inom arbetsplatsutrustning f\u00f6r industri, lager och kontor.<\/strong><br \/>Med marknadens bredaste sortiment och produkter fr\u00e5n ledande tillverkare har vi allt du beh\u00f6ver f\u00f6r att utrusta din arbetsplats. Med h\u00f6g servicegrad och medarbetare som kan sin sak brinner vi f\u00f6r god arbetsmilj\u00f6 och att hj\u00e4lpa dig till v\u00e4lfungerande dagar p\u00e5 jobbet.<\/p>    <\/div>\n<\/div>\n<!-- \/module text -->        <\/div>\n                        <\/div>\n        <\/div>\n                        <div  data-lazy=\"1\" class=\"module_row themify_builder_row tb_wsty100 tf_w\">\n                        <div class=\"row_inner col_align_top tb_col_count_1 tf_box tf_rel\">\n                        <div  data-lazy=\"1\" class=\"module_column tb-column col-full tb_i7d1097 first\">\n                            <\/div>\n                        <\/div>\n        <\/div>\n        <\/div>\n<!--\/themify_builder_content-->","protected":false},"excerpt":{"rendered":"<p>Kontakta oss<\/p>\n","protected":false},"author":5,"featured_media":0,"parent":0,"menu_order":0,"comment_status":"closed","ping_status":"closed","template":"","meta":{"footnotes":""},"class_list":["post-1605","page","type-page","status-publish","hentry","has-post-title","has-post-date","has-post-category","has-post-tag","has-post-comment","has-post-author",""],"_links":{"self":[{"href":"https:\/\/blog-witre.se\/wsw\/wp-json\/wp\/v2\/pages\/1605","targetHints":{"allow":["GET"]}}],"collection":[{"href":"https:\/\/blog-witre.se\/wsw\/wp-json\/wp\/v2\/pages"}],"about":[{"href":"https:\/\/blog-witre.se\/wsw\/wp-json\/wp\/v2\/types\/page"}],"author":[{"embeddable":true,"href":"https:\/\/blog-witre.se\/wsw\/wp-json\/wp\/v2\/users\/5"}],"replies":[{"embeddable":true,"href":"https:\/\/blog-witre.se\/wsw\/wp-json\/wp\/v2\/comments?post=1605"}],"version-history":[{"count":91,"href":"https:\/\/blog-witre.se\/wsw\/wp-json\/wp\/v2\/pages\/1605\/revisions"}],"predecessor-version":[{"id":6097,"href":"https:\/\/blog-witre.se\/wsw\/wp-json\/wp\/v2\/pages\/1605\/revisions\/6097"}],"wp:attachment":[{"href":"https:\/\/blog-witre.se\/wsw\/wp-json\/wp\/v2\/media?parent=1605"}],"curies":[{"name":"wp","href":"https:\/\/api.w.org\/{rel}","templated":true}]}}