{"id":2044,"date":"2025-02-20T15:58:01","date_gmt":"2025-02-20T14:58:01","guid":{"rendered":"https:\/\/blog-witre.se\/wsw\/verkstad-2-copy\/"},"modified":"2025-06-04T08:55:09","modified_gmt":"2025-06-04T06:55:09","slug":"whitepapers","status":"publish","type":"page","link":"https:\/\/www.witre.se\/blog\/whitepapers\/","title":{"rendered":"Whitepapers"},"content":{"rendered":"<!--themify_builder_content-->\n<div id=\"themify_builder_content-2044\" data-postid=\"2044\" class=\"themify_builder_content themify_builder_content-2044 themify_builder tf_clear\">\n                    <div  data-css_id=\"fpha997\" data-lazy=\"1\" class=\"module_row themify_builder_row fullwidth_row_container tb_fpha997 tb_first tf_w\">\n            <span class=\"builder_row_cover tf_abs\"><\/span>            <div class=\"row_inner col_align_top tb_col_count_1 tf_box tf_rel\">\n                        <div  data-lazy=\"1\" class=\"module_column tb-column col-full tb_7svy805 first\">\n                    <!-- module text -->\n<div  class=\"module module-text tb_07h9700    hover-wow wow\" data-tf-animation_hover=\"pulse\" data-tf-animation=\"fadeIn\" data-lazy=\"1\">\n        <div  class=\"tb_text_wrap\">\n        <h1 class=\"hero-h1 h1-clp\">Whitepapers<\/h1>    <\/div>\n<\/div>\n<!-- \/module text --><!-- module text -->\n<div  class=\"module module-text tb_f15b524    wow\" data-tf-animation=\"fadeIn\" data-tf-animation_delay=\"1\" data-lazy=\"1\">\n        <div  class=\"tb_text_wrap\">\n        <h3>V\u00e4lkommen till oss<\/h3>    <\/div>\n<\/div>\n<!-- \/module text --><!-- module buttons -->\n<div  class=\"module module-buttons tb_kzfo070 buttons-horizontal solid   rounded wow\" data-tf-animation=\"fadeIn\" data-tf-animation_delay=\"2\" data-lazy=\"1\">\n        <div class=\"module-buttons-item tf_in_flx\">\n                        <a href=\"https:\/\/www.witre.se\/sv\/wsw\" class=\"ui builder_button tf_in_flx orange\" target=\"_blank\" rel=\"noopener\">\n                                                Handla nu                                        <em><svg  class=\"tf_fa tf-ti-arrow-circle-right\" aria-hidden=\"true\"><use href=\"#tf-ti-arrow-circle-right\"><\/use><\/svg><\/em>                            <\/a>\n                <\/div>\n            <\/div>\n<!-- \/module buttons -->\n        <\/div>\n                        <\/div>\n        <\/div>\n                        <div  data-lazy=\"1\" class=\"module_row themify_builder_row tb_8urr639 tf_w\">\n                        <div class=\"row_inner col_align_top tb_col_count_1 tf_box tf_rel\">\n                        <div  data-lazy=\"1\" class=\"module_column tb-column col-full tb_q16y639 first\">\n                    <!-- module text -->\n<div  class=\"module module-text tb_gbj5907   \" data-lazy=\"1\">\n        <div  class=\"tb_text_wrap\">\n        <p>L\u00e4s v\u00e5ra whitepapers om bland annat optimering av lager, utmaningar med f\u00f6rpackningar eller f\u00f6retagens sociala ansvar.\u00a0<\/p>    <\/div>\n<\/div>\n<!-- \/module text -->        <\/div>\n                        <\/div>\n        <\/div>\n                        <div  data-lazy=\"1\" class=\"module_row themify_builder_row tb_5ivh388 tf_w\">\n                        <div class=\"row_inner col_align_top tb_col_count_1 tf_box tf_rel\">\n                        <div  data-lazy=\"1\" class=\"module_column tb-column col-full tb_oeyj388 first\">\n                    <!-- module text -->\n<div  class=\"module module-text tb_1xph882   \" data-lazy=\"1\">\n        <div  class=\"tb_text_wrap\">\n        <h3 style=\"text-align: left;\"><img loading=\"lazy\" decoding=\"async\" class=\"size-medium wp-image-4837 alignleft\" src=\"https:\/\/blog-witre.se\/wsw\/wp-content\/uploads\/sites\/2\/2025\/03\/whitepaper_books3-161x300.png\" alt=\"\" width=\"161\" height=\"300\" srcset=\"https:\/\/blog-witre.se\/wsw\/wp-content\/uploads\/sites\/2\/2025\/03\/whitepaper_books3-161x300.png 161w, https:\/\/blog-witre.se\/wsw\/wp-content\/uploads\/sites\/2\/2025\/03\/whitepaper_books3.png 538w\" sizes=\"auto, (max-width: 161px) 100vw, 161px\" \/>WHITEPAPER &#8211; Klicka p\u00e5 l\u00e4nk f\u00f6r att ladda ner PDF<\/h3>\n<ul>\n<li><a href=\"https:\/\/www.witre.se\/contentWSW\/PDF\/Whitepapers\/White-paper-Long-tail-spend-rationalise-your-supplier-portfolio.pdf\" target=\"_blank\" rel=\"noopener\">Long tail spend:\u00a0Rationalise your supplier portfolio<\/a><\/li>\n<li><a href=\"https:\/\/www.witre.se\/contentWSW\/PDF\/Whitepapers\/White_paper_adopt_lean_procurement.pdf\" target=\"_blank\" rel=\"noopener\">Long tail spend: Adopt lean procurement<\/a><\/li>\n<li><a href=\"https:\/\/www.witre.se\/contentWSW\/PDF\/Whitepapers\/White_paper_optimise_tail_spend.pdf\" target=\"_blank\" rel=\"noopener\">Long tail spend:\u00a06 levers to optimise your strategy<\/a><\/li>\n<li><a href=\"https:\/\/www.witre.se\/contentWSW\/PDF\/Whitepapers\/White_paper_digitalise_your_transactions.pdf\" target=\"_blank\" rel=\"noopener\">Long tail spend:\u00a0digitalise your transactions<\/a><\/li>\n<li><a href=\"https:\/\/www.witre.se\/contentWSW\/PDF\/Whitepapers\/White-paper-The-transformation-of-the-warehouse-and-its-operations.pdf\" target=\"_blank\" rel=\"noopener\">The transformation of the warehouse and its operations<\/a><\/li>\n<li><a href=\"https:\/\/www.witre.se\/contentWSW\/PDF\/Whitepapers\/White_paper_challenges_of_packaging.pdf\" target=\"_blank\" rel=\"noopener\">The challenges of packaging<\/a><\/li>\n<li><a href=\"https:\/\/www.witre.se\/contentWSW\/PDF\/Whitepapers\/White_paper_corporate_social_responsability.pdf\" target=\"_blank\" rel=\"noopener\">Corporate Social Responsibility<\/a><\/li>\n<li><a href=\"https:\/\/www.witre.se\/contentWSW\/PDF\/Whitepapers\/White_paper_waste_management_in_companies.pdf\" target=\"_blank\" rel=\"noopener\">Waste management in companies<\/a><\/li>\n<li><a href=\"https:\/\/www.witre.se\/contentWSW\/PDF\/Whitepapers\/White_paper_Workshop_Furnitures_2022.pdf\" target=\"_blank\" rel=\"noopener\">Workshops Furnitures<\/a><\/li>\n<\/ul>    <\/div>\n<\/div>\n<!-- \/module text -->        <\/div>\n                        <\/div>\n        <\/div>\n        <\/div>\n<!--\/themify_builder_content-->","protected":false},"excerpt":{"rendered":"<p>Whitepapers<\/p>\n","protected":false},"author":5,"featured_media":0,"parent":0,"menu_order":0,"comment_status":"closed","ping_status":"closed","template":"","meta":{"footnotes":""},"class_list":["post-2044","page","type-page","status-publish","hentry","has-post-title","has-post-date","has-post-category","has-post-tag","has-post-comment","has-post-author",""],"_links":{"self":[{"href":"https:\/\/blog-witre.se\/wsw\/wp-json\/wp\/v2\/pages\/2044","targetHints":{"allow":["GET"]}}],"collection":[{"href":"https:\/\/blog-witre.se\/wsw\/wp-json\/wp\/v2\/pages"}],"about":[{"href":"https:\/\/blog-witre.se\/wsw\/wp-json\/wp\/v2\/types\/page"}],"author":[{"embeddable":true,"href":"https:\/\/blog-witre.se\/wsw\/wp-json\/wp\/v2\/users\/5"}],"replies":[{"embeddable":true,"href":"https:\/\/blog-witre.se\/wsw\/wp-json\/wp\/v2\/comments?post=2044"}],"version-history":[{"count":256,"href":"https:\/\/blog-witre.se\/wsw\/wp-json\/wp\/v2\/pages\/2044\/revisions"}],"predecessor-version":[{"id":6190,"href":"https:\/\/blog-witre.se\/wsw\/wp-json\/wp\/v2\/pages\/2044\/revisions\/6190"}],"wp:attachment":[{"href":"https:\/\/blog-witre.se\/wsw\/wp-json\/wp\/v2\/media?parent=2044"}],"curies":[{"name":"wp","href":"https:\/\/api.w.org\/{rel}","templated":true}]}}